{"id":47,"date":"2022-08-15T10:09:43","date_gmt":"2022-08-15T08:09:43","guid":{"rendered":"https:\/\/www.massagepraxis-kornwestheim.de\/?page_id=47"},"modified":"2022-08-15T18:14:38","modified_gmt":"2022-08-15T16:14:38","slug":"herzlich-willkommen-auf-unserer-neuen-internetseite","status":"publish","type":"page","link":"https:\/\/www.massagepraxis-kornwestheim.de\/","title":{"rendered":"Herzlich willkommen"},"content":{"rendered":"<h4><b>Schnelle und effektive Hilfe f\u00fcr Sie!<\/b><\/h4>\n<p><img decoding=\"async\" loading=\"lazy\" class=\" wp-image-40 alignright\" src=\"https:\/\/www.massagepraxis-kornwestheim.de\/wp-content\/uploads\/2022\/08\/Fotolia_31851047_XS-300x200.jpg\" alt=\"\" width=\"120\" height=\"80\" srcset=\"https:\/\/www.massagepraxis-kornwestheim.de\/wp-content\/uploads\/2022\/08\/Fotolia_31851047_XS-300x200.jpg 300w, https:\/\/www.massagepraxis-kornwestheim.de\/wp-content\/uploads\/2022\/08\/Fotolia_31851047_XS.jpg 424w\" sizes=\"(max-width: 120px) 100vw, 120px\" \/>Dabei erledigen wir nicht nur einfach unseren &#8222;Job&#8220;, sondern sind stets bem\u00fcht, Ihnen mehr als nur eine Standard-Behandlung zukommen zu lassen.<br \/>\nF\u00fcr Sie und Ihre Probleme setzen wir uns sehr intensiv ein und suchen zusammen nach einer L\u00f6sung.<br \/>\nDabei hilft uns ein st\u00e4ndig gr\u00f6\u00dfer werdendes Netzwerk an Kontakten, auch in schwierigen F\u00e4llen eine geeignete Behandlung zu finden oder eine korrekte Diagnose stellen zu k\u00f6nnen.<\/p>\n<p style=\"text-align: justify;\">Ihr Michael Combe<\/p>\n<p style=\"text-align: justify;\">\n<hr \/>\n<h4 style=\"text-align: justify;\"><a class=\"mceItemAnchor\" name=\"Geschenkgutschein\"><\/a>Unser Geschenktipp!<\/h4>\n<p style=\"text-align: justify;\">Viele stellen sich immer wieder die Frage, was Sie Ihren Freunden, Bekannten oder Ihrem Lebenspartner schenken sollen.<\/p>\n<p style=\"text-align: justify;\">Unsere Praxis hat hierf\u00fcr eine tolle L\u00f6sung.<br \/>\nMit unseren <b>Massage- bzw. Behandlungsgutscheinen<\/b> als Geschenk landen Sie<b> immer einen Volltreffer<\/b>.<\/p>\n<h4><img decoding=\"async\" loading=\"lazy\" class=\"alignnone size-full wp-image-41\" src=\"https:\/\/www.massagepraxis-kornwestheim.de\/wp-content\/uploads\/2022\/08\/25EUR-Gutschein.jpg\" alt=\"\" width=\"269\" height=\"100\" \/><\/h4>\n<p style=\"text-align: justify;\">Geschenkgutscheine erhalten Sie direkt in unserer Massagepraxis, G\u00fcterbahnhofstr. 31 in Kornwestheim.<\/p>\n","protected":false},"excerpt":{"rendered":"<p>Schnelle und effektive Hilfe f\u00fcr Sie! Dabei erledigen wir nicht nur einfach unseren &#8222;Job&#8220;, sondern sind stets bem\u00fcht, Ihnen mehr als nur eine Standard-Behandlung zukommen zu lassen. F\u00fcr Sie und Ihre Probleme setzen wir uns sehr intensiv ein und suchen zusammen nach einer L\u00f6sung. Dabei hilft uns ein st\u00e4ndig gr\u00f6\u00dfer werdendes Netzwerk an Kontakten, auch &hellip; <a href=\"https:\/\/www.massagepraxis-kornwestheim.de\/\" class=\"more-link\"><span class=\"screen-reader-text\">Herzlich willkommen<\/span> weiterlesen <span class=\"meta-nav\">&rarr;<\/span><\/a><\/p>\n","protected":false},"author":1,"featured_media":0,"parent":0,"menu_order":0,"comment_status":"closed","ping_status":"closed","template":"","meta":[],"_links":{"self":[{"href":"https:\/\/www.massagepraxis-kornwestheim.de\/index.php?rest_route=\/wp\/v2\/pages\/47"}],"collection":[{"href":"https:\/\/www.massagepraxis-kornwestheim.de\/index.php?rest_route=\/wp\/v2\/pages"}],"about":[{"href":"https:\/\/www.massagepraxis-kornwestheim.de\/index.php?rest_route=\/wp\/v2\/types\/page"}],"author":[{"embeddable":true,"href":"https:\/\/www.massagepraxis-kornwestheim.de\/index.php?rest_route=\/wp\/v2\/users\/1"}],"replies":[{"embeddable":true,"href":"https:\/\/www.massagepraxis-kornwestheim.de\/index.php?rest_route=%2Fwp%2Fv2%2Fcomments&post=47"}],"version-history":[{"count":6,"href":"https:\/\/www.massagepraxis-kornwestheim.de\/index.php?rest_route=\/wp\/v2\/pages\/47\/revisions"}],"predecessor-version":[{"id":123,"href":"https:\/\/www.massagepraxis-kornwestheim.de\/index.php?rest_route=\/wp\/v2\/pages\/47\/revisions\/123"}],"wp:attachment":[{"href":"https:\/\/www.massagepraxis-kornwestheim.de\/index.php?rest_route=%2Fwp%2Fv2%2Fmedia&parent=47"}],"curies":[{"name":"wp","href":"https:\/\/api.w.org\/{rel}","templated":true}]}}