{"id":53,"date":"2022-08-15T16:03:07","date_gmt":"2022-08-15T14:03:07","guid":{"rendered":"https:\/\/www.massagepraxis-kornwestheim.de\/?page_id=53"},"modified":"2022-08-15T16:03:07","modified_gmt":"2022-08-15T14:03:07","slug":"impressum","status":"publish","type":"page","link":"https:\/\/www.massagepraxis-kornwestheim.de\/?page_id=53","title":{"rendered":"Impressum"},"content":{"rendered":"<p>F\u00fcr den Inhalt verantwortlich<\/p>\n<p><b>Combe Massagepraxis<\/b><br \/>\nInhaber: Michael Combe<br \/>\nStaatlich gepr\u00fcfter Masseur und medizinischer Bademeister<br \/>\nFirmensitz\/ Adresse<\/p>\n<p>G\u00fcterbahnhofstra\u00dfe 31<br \/>\n70806 Kornwestheim<\/p>\n<p>Tel.: 07154 \/ 80 62 570<br \/>\nFax: 07154 \/ 80 62 571<br \/>\nKontakt E-Mail: <a href=\"mailto:mail@massagepraxis-kornwestheim.de\">mail@massagepraxis-kornwestheim.de<\/a><br \/>\nOffizielle Hompageadresse:<a href=\"..\/\"> www.massagepraxis-kornwestheim.de<\/a><\/p>\n<p>Verantwortlich gem. \u00a710 Abs.3 MDSTV<br \/>\nMichael Combe<br \/>\nAnschrift wie oben<\/p>\n<p><i><b>Hinweise und Haftungsausschluss<\/b><\/i><\/p>\n<p>Die bereitgestellten Informationen auf unserer Website werden regelm\u00e4\u00dfig gepr\u00fcft und aktualisiert.<br \/>\nEs kann jedoch keine Garantie daf\u00fcr \u00fcbernommen werden, dass alle Angaben zu jedem Zeitpunkt vollst\u00e4ndig, korrekt und in letzter Aktualit\u00e4t dargestellt werden.<\/p>\n<p>Von allen mit unserer Website verlinkten Websites distanzieren wir uns ausdr\u00fccklich, egal ob<br \/>\nwir auf diese direkt oder indirekt verweisen. Eine Haftung f\u00fcr deren Inhalte \u00fcbernehmen wir nicht.<\/p>\n<p>Alle Angaben auf unserer Website k\u00f6nnen ohne vorherige Ank\u00fcndigung erg\u00e4nzt, entfernt oder ge\u00e4ndert werden.<\/p>\n<p><i><b>Bildnachweis<\/b><\/i><\/p>\n<p>Teilweise eigene Bilder, Fotolia 31851047 (Margit Power)<\/p>\n<hr \/>\n<p><i><b>Hosting, Betreuung &amp; Aktualisierung<\/b><\/i><\/p>\n<p>Werbeagentur nastyle, Inh. Matthias Nast<br \/>\nZeppelinstr. 30\/1<br \/>\n70806 Kornwestheim<br \/>\n<a href=\"http:\/\/www.nastyle.de\">www.nastyle.de<\/a><\/p>\n","protected":false},"excerpt":{"rendered":"<p>F\u00fcr den Inhalt verantwortlich Combe Massagepraxis Inhaber: Michael Combe Staatlich gepr\u00fcfter Masseur und medizinischer Bademeister Firmensitz\/ Adresse G\u00fcterbahnhofstra\u00dfe 31 70806 Kornwestheim Tel.: 07154 \/ 80 62 570 Fax: 07154 \/ 80 62 571 Kontakt E-Mail: mail@massagepraxis-kornwestheim.de Offizielle Hompageadresse: www.massagepraxis-kornwestheim.de Verantwortlich gem. \u00a710 Abs.3 MDSTV Michael Combe Anschrift wie oben Hinweise und Haftungsausschluss Die bereitgestellten Informationen &hellip; <a href=\"https:\/\/www.massagepraxis-kornwestheim.de\/?page_id=53\" class=\"more-link\"><span class=\"screen-reader-text\">Impressum<\/span> weiterlesen <span class=\"meta-nav\">&rarr;<\/span><\/a><\/p>\n","protected":false},"author":1,"featured_media":0,"parent":0,"menu_order":0,"comment_status":"closed","ping_status":"closed","template":"","meta":[],"_links":{"self":[{"href":"https:\/\/www.massagepraxis-kornwestheim.de\/index.php?rest_route=\/wp\/v2\/pages\/53"}],"collection":[{"href":"https:\/\/www.massagepraxis-kornwestheim.de\/index.php?rest_route=\/wp\/v2\/pages"}],"about":[{"href":"https:\/\/www.massagepraxis-kornwestheim.de\/index.php?rest_route=\/wp\/v2\/types\/page"}],"author":[{"embeddable":true,"href":"https:\/\/www.massagepraxis-kornwestheim.de\/index.php?rest_route=\/wp\/v2\/users\/1"}],"replies":[{"embeddable":true,"href":"https:\/\/www.massagepraxis-kornwestheim.de\/index.php?rest_route=%2Fwp%2Fv2%2Fcomments&post=53"}],"version-history":[{"count":1,"href":"https:\/\/www.massagepraxis-kornwestheim.de\/index.php?rest_route=\/wp\/v2\/pages\/53\/revisions"}],"predecessor-version":[{"id":54,"href":"https:\/\/www.massagepraxis-kornwestheim.de\/index.php?rest_route=\/wp\/v2\/pages\/53\/revisions\/54"}],"wp:attachment":[{"href":"https:\/\/www.massagepraxis-kornwestheim.de\/index.php?rest_route=%2Fwp%2Fv2%2Fmedia&parent=53"}],"curies":[{"name":"wp","href":"https:\/\/api.w.org\/{rel}","templated":true}]}}