{"id":62,"date":"2022-08-15T16:16:02","date_gmt":"2022-08-15T14:16:02","guid":{"rendered":"https:\/\/www.massagepraxis-kornwestheim.de\/?page_id=62"},"modified":"2022-08-15T16:16:02","modified_gmt":"2022-08-15T14:16:02","slug":"kassenleistungen","status":"publish","type":"page","link":"https:\/\/www.massagepraxis-kornwestheim.de\/?page_id=62","title":{"rendered":"Kassenleistungen"},"content":{"rendered":"<p>Wenn Ihr Arzt Massagen f\u00fcr die Therapie als notwendig erachtet, sollte die Krankenkasse auch die Kosten \u00fcbernehmen.<\/p>\n<p><u><b><img decoding=\"async\" loading=\"lazy\" class=\"size-medium wp-image-39 alignright\" src=\"https:\/\/www.massagepraxis-kornwestheim.de\/wp-content\/uploads\/2022\/08\/Wirbelsaeule-\u00a9-Friedberg-34874275-91x300.jpg\" alt=\"\" width=\"91\" height=\"300\" srcset=\"https:\/\/www.massagepraxis-kornwestheim.de\/wp-content\/uploads\/2022\/08\/Wirbelsaeule-\u00a9-Friedberg-34874275-91x300.jpg 91w, https:\/\/www.massagepraxis-kornwestheim.de\/wp-content\/uploads\/2022\/08\/Wirbelsaeule-\u00a9-Friedberg-34874275.jpg 124w\" sizes=\"(max-width: 91px) 100vw, 91px\" \/><br \/>\nMassage<\/b><\/u><br \/>\nEntspannt, lockert die Muskeln, steigert den Stoffwechsel und f\u00f6rdert die Durchblutung.<\/p>\n<p><u><b>Manuelle Lymphdrainage<\/b><\/u><br \/>\nEntstaut angesammeltes Wasser, f\u00fchlbare Erleichterung in dem betroffenen Gebiet.<\/p>\n<p><u><b>Kompressionsbandage<\/b><\/u><br \/>\nUnterst\u00fctzt die Entstauung.<\/p>\n<p><b><u>Fango<\/u><\/b><br \/>\nLockert die Muskeln, l\u00f6st Verspannungen.<\/p>\n<p><u><b>Hei\u00dfluft<\/b><\/u><br \/>\nFango ist zu hei\u00df? Hier ist die sanftere Alternative!<\/p>\n<p><u><b>Hei\u00dfe Rolle<\/b><\/u><br \/>\nPunktuelle Behandlung einer Zone.<\/p>\n<p><u><b>Elektrotherapie<\/b><\/u><br \/>\nUnterst\u00fctzung bei Sportunf\u00e4llen, regt den Stoffwechsel an, f\u00f6rdert die Durchblutung.<\/p>\n<p><u><b>Kryotherapie<\/b><\/u><br \/>\nVorbehandlung von Sportverletzungen und Bluterg\u00fcssen durch K\u00e4lte, Schmerzlinderung.<\/p>\n<p><u><b>Bewegungstherapie<\/b><\/u><br \/>\nMobilisierung des K\u00f6rpers ohne Ger\u00e4teeinsatz.<\/p>\n","protected":false},"excerpt":{"rendered":"<p>Wenn Ihr Arzt Massagen f\u00fcr die Therapie als notwendig erachtet, sollte die Krankenkasse auch die Kosten \u00fcbernehmen. Massage Entspannt, lockert die Muskeln, steigert den Stoffwechsel und f\u00f6rdert die Durchblutung. Manuelle Lymphdrainage Entstaut angesammeltes Wasser, f\u00fchlbare Erleichterung in dem betroffenen Gebiet. Kompressionsbandage Unterst\u00fctzt die Entstauung. Fango Lockert die Muskeln, l\u00f6st Verspannungen. Hei\u00dfluft Fango ist zu hei\u00df? &hellip; <a href=\"https:\/\/www.massagepraxis-kornwestheim.de\/?page_id=62\" class=\"more-link\"><span class=\"screen-reader-text\">Kassenleistungen<\/span> weiterlesen <span class=\"meta-nav\">&rarr;<\/span><\/a><\/p>\n","protected":false},"author":1,"featured_media":0,"parent":0,"menu_order":0,"comment_status":"closed","ping_status":"closed","template":"","meta":[],"_links":{"self":[{"href":"https:\/\/www.massagepraxis-kornwestheim.de\/index.php?rest_route=\/wp\/v2\/pages\/62"}],"collection":[{"href":"https:\/\/www.massagepraxis-kornwestheim.de\/index.php?rest_route=\/wp\/v2\/pages"}],"about":[{"href":"https:\/\/www.massagepraxis-kornwestheim.de\/index.php?rest_route=\/wp\/v2\/types\/page"}],"author":[{"embeddable":true,"href":"https:\/\/www.massagepraxis-kornwestheim.de\/index.php?rest_route=\/wp\/v2\/users\/1"}],"replies":[{"embeddable":true,"href":"https:\/\/www.massagepraxis-kornwestheim.de\/index.php?rest_route=%2Fwp%2Fv2%2Fcomments&post=62"}],"version-history":[{"count":1,"href":"https:\/\/www.massagepraxis-kornwestheim.de\/index.php?rest_route=\/wp\/v2\/pages\/62\/revisions"}],"predecessor-version":[{"id":63,"href":"https:\/\/www.massagepraxis-kornwestheim.de\/index.php?rest_route=\/wp\/v2\/pages\/62\/revisions\/63"}],"wp:attachment":[{"href":"https:\/\/www.massagepraxis-kornwestheim.de\/index.php?rest_route=%2Fwp%2Fv2%2Fmedia&parent=62"}],"curies":[{"name":"wp","href":"https:\/\/api.w.org\/{rel}","templated":true}]}}