{"id":68,"date":"2022-08-15T16:30:30","date_gmt":"2022-08-15T14:30:30","guid":{"rendered":"https:\/\/www.massagepraxis-kornwestheim.de\/?page_id=68"},"modified":"2022-08-15T16:30:30","modified_gmt":"2022-08-15T14:30:30","slug":"unsere-oeffnungszeiten","status":"publish","type":"page","link":"https:\/\/www.massagepraxis-kornwestheim.de\/?page_id=68","title":{"rendered":"Unsere \u00d6ffnungszeiten"},"content":{"rendered":"<h4><img decoding=\"async\" loading=\"lazy\" class=\" wp-image-37 alignright\" src=\"https:\/\/www.massagepraxis-kornwestheim.de\/wp-content\/uploads\/2022\/08\/l000_raum-300x213.jpg\" alt=\"\" width=\"218\" height=\"155\" srcset=\"https:\/\/www.massagepraxis-kornwestheim.de\/wp-content\/uploads\/2022\/08\/l000_raum-300x213.jpg 300w, https:\/\/www.massagepraxis-kornwestheim.de\/wp-content\/uploads\/2022\/08\/l000_raum.jpg 536w\" sizes=\"(max-width: 218px) 100vw, 218px\" \/><\/h4>\n<p>Mo &#8211; Fr\u00a0\u00a0\u00a0\u00a0 08:00 &#8211; 12:00<br \/>\nMo &#8211; Do \u00a0\u00a0 14:00 &#8211; 18:00<br \/>\noder nach telefonischer Absprache<\/p>\n<p style=\"text-align: justify;\">Wir freuen uns auf Ihren Besuch<\/p>\n<p style=\"text-align: justify;\">\n<p style=\"text-align: justify;\">Da wir uns die n\u00f6tige Zeit f\u00fcr Sie nehmen m\u00f6chten, bitten wir Sie, generell einen Termin mit uns zu vereinbaren.<\/p>\n<p style=\"text-align: justify;\">Bitte haben Sie Verst\u00e4ndnis daf\u00fcr, dass wir unangemeldet keine Behandlungen vornehmen k\u00f6nnen. Selbstverst\u00e4ndlich versuchen wir in Notf\u00e4llen schnellstm\u00f6glich zu behandeln.<\/p>\n<p style=\"text-align: justify;\">Sollten Sie einen Termin nicht wahrnehmen k\u00f6nnen, so sagen Sie diesen bitte 24 Stunden vor dem Termin ab. F\u00fcr nicht rechtzeitig abgesagte Termine m\u00fcssen wir Ihnen leider einen Kostenausfall in H\u00f6he von 25,- EUR pro Termin berechnen. Selbstverst\u00e4ndlich sind unvorhersehbare Ereignisse hiervon ausgenommen.<\/p>\n","protected":false},"excerpt":{"rendered":"<p>Mo &#8211; Fr\u00a0\u00a0\u00a0\u00a0 08:00 &#8211; 12:00 Mo &#8211; Do \u00a0\u00a0 14:00 &#8211; 18:00 oder nach telefonischer Absprache Wir freuen uns auf Ihren Besuch Da wir uns die n\u00f6tige Zeit f\u00fcr Sie nehmen m\u00f6chten, bitten wir Sie, generell einen Termin mit uns zu vereinbaren. Bitte haben Sie Verst\u00e4ndnis daf\u00fcr, dass wir unangemeldet keine Behandlungen vornehmen k\u00f6nnen. &hellip; <a href=\"https:\/\/www.massagepraxis-kornwestheim.de\/?page_id=68\" class=\"more-link\"><span class=\"screen-reader-text\">Unsere \u00d6ffnungszeiten<\/span> weiterlesen <span class=\"meta-nav\">&rarr;<\/span><\/a><\/p>\n","protected":false},"author":1,"featured_media":0,"parent":0,"menu_order":0,"comment_status":"closed","ping_status":"closed","template":"","meta":[],"_links":{"self":[{"href":"https:\/\/www.massagepraxis-kornwestheim.de\/index.php?rest_route=\/wp\/v2\/pages\/68"}],"collection":[{"href":"https:\/\/www.massagepraxis-kornwestheim.de\/index.php?rest_route=\/wp\/v2\/pages"}],"about":[{"href":"https:\/\/www.massagepraxis-kornwestheim.de\/index.php?rest_route=\/wp\/v2\/types\/page"}],"author":[{"embeddable":true,"href":"https:\/\/www.massagepraxis-kornwestheim.de\/index.php?rest_route=\/wp\/v2\/users\/1"}],"replies":[{"embeddable":true,"href":"https:\/\/www.massagepraxis-kornwestheim.de\/index.php?rest_route=%2Fwp%2Fv2%2Fcomments&post=68"}],"version-history":[{"count":1,"href":"https:\/\/www.massagepraxis-kornwestheim.de\/index.php?rest_route=\/wp\/v2\/pages\/68\/revisions"}],"predecessor-version":[{"id":69,"href":"https:\/\/www.massagepraxis-kornwestheim.de\/index.php?rest_route=\/wp\/v2\/pages\/68\/revisions\/69"}],"wp:attachment":[{"href":"https:\/\/www.massagepraxis-kornwestheim.de\/index.php?rest_route=%2Fwp%2Fv2%2Fmedia&parent=68"}],"curies":[{"name":"wp","href":"https:\/\/api.w.org\/{rel}","templated":true}]}}