{"id":70,"date":"2022-08-15T16:33:23","date_gmt":"2022-08-15T14:33:23","guid":{"rendered":"https:\/\/www.massagepraxis-kornwestheim.de\/?page_id=70"},"modified":"2022-08-15T16:33:23","modified_gmt":"2022-08-15T14:33:23","slug":"meine-praxis","status":"publish","type":"page","link":"https:\/\/www.massagepraxis-kornwestheim.de\/?page_id=70","title":{"rendered":"Meine Praxis"},"content":{"rendered":"<h4>Michael Combe<\/h4>\n<p><img decoding=\"async\" loading=\"lazy\" class=\" wp-image-38 alignright\" src=\"https:\/\/www.massagepraxis-kornwestheim.de\/wp-content\/uploads\/2022\/08\/l008_micha.jpg\" alt=\"\" width=\"122\" height=\"176\" \/><br \/>\nstaatlich gepr\u00fcfter Masseur &amp; medizinischer Bademeister<\/p>\n<p>Michael Combe hat seit \u00fcber 25 Jahren Erfahrung im Umgang mit Patienten.<br \/>\nSt\u00e4ndige Fort- und Weiterbildung ist f\u00fcr ihn eine Selbstverst\u00e4ndlichkeit. Michael Combe besch\u00e4ftigt sich auch mit alternativen Heilmethoden, welche in den meisten F\u00e4llen \u00fcberraschende Erfolge zeigen.<\/p>\n<p style=\"text-align: justify;\">Ein kleiner Hinweis in eigener Sache:<\/p>\n<p style=\"text-align: justify;\">Die von mir dargestellten Definitionen zu den nachfolgenden Therapieformen sind so in keinem Buch nachzulesen. Sollten Sie andere Erkl\u00e4rungen finden, die nicht mit meinen \u00fcbereinstimmen, so bitte ich um Ihr Verst\u00e4ndnis.<\/p>\n<p style=\"text-align: justify;\">Bevor ich meine Therapien in meinen eigenen Worten erkl\u00e4re, m\u00f6chte ich vorausschicken, dass vor jeder Behandlung von mir selbst eine Befundung durchgef\u00fchrt wird. Sie best\u00e4tigt die Diagnose des Arztes. Der Arzt untersucht den Patienten und schickt diesen gew\u00f6hnlich mit einer ausgestellten Verordnung (Rezept) zu uns in die Massagepraxis. Eine Befunderhebung setzt sich dann aus einem Gespr\u00e4ch und verschiedenen Bewegungsabl\u00e4ufen, die der Patient auf meine Anweisung ausf\u00fchrt, zusammen.<\/p>\n<hr \/>\n<p style=\"text-align: justify;\">Nur so baut sich ein Vertrauen zwischen Patient und Therapeut auf.<br \/>\nEs f\u00f6rdert und erleichtert die Kommunikation untereinander.<\/p>\n<hr \/>\n<p>Masseur, Heilbehandlung, Massage, auf Kasse, Kornwestheim&#8216;, &#8218;Michael Combe &#8211; Michel Combe &#8211; Masseurstaatlich gepr\u00fcfter Masseur &amp; medizinischer Bademeister in Kornwestheim<\/p>\n","protected":false},"excerpt":{"rendered":"<p>Michael Combe staatlich gepr\u00fcfter Masseur &amp; medizinischer Bademeister Michael Combe hat seit \u00fcber 25 Jahren Erfahrung im Umgang mit Patienten. St\u00e4ndige Fort- und Weiterbildung ist f\u00fcr ihn eine Selbstverst\u00e4ndlichkeit. Michael Combe besch\u00e4ftigt sich auch mit alternativen Heilmethoden, welche in den meisten F\u00e4llen \u00fcberraschende Erfolge zeigen. Ein kleiner Hinweis in eigener Sache: Die von mir dargestellten &hellip; <a href=\"https:\/\/www.massagepraxis-kornwestheim.de\/?page_id=70\" class=\"more-link\"><span class=\"screen-reader-text\">Meine Praxis<\/span> weiterlesen <span class=\"meta-nav\">&rarr;<\/span><\/a><\/p>\n","protected":false},"author":1,"featured_media":0,"parent":0,"menu_order":0,"comment_status":"closed","ping_status":"closed","template":"","meta":[],"_links":{"self":[{"href":"https:\/\/www.massagepraxis-kornwestheim.de\/index.php?rest_route=\/wp\/v2\/pages\/70"}],"collection":[{"href":"https:\/\/www.massagepraxis-kornwestheim.de\/index.php?rest_route=\/wp\/v2\/pages"}],"about":[{"href":"https:\/\/www.massagepraxis-kornwestheim.de\/index.php?rest_route=\/wp\/v2\/types\/page"}],"author":[{"embeddable":true,"href":"https:\/\/www.massagepraxis-kornwestheim.de\/index.php?rest_route=\/wp\/v2\/users\/1"}],"replies":[{"embeddable":true,"href":"https:\/\/www.massagepraxis-kornwestheim.de\/index.php?rest_route=%2Fwp%2Fv2%2Fcomments&post=70"}],"version-history":[{"count":1,"href":"https:\/\/www.massagepraxis-kornwestheim.de\/index.php?rest_route=\/wp\/v2\/pages\/70\/revisions"}],"predecessor-version":[{"id":71,"href":"https:\/\/www.massagepraxis-kornwestheim.de\/index.php?rest_route=\/wp\/v2\/pages\/70\/revisions\/71"}],"wp:attachment":[{"href":"https:\/\/www.massagepraxis-kornwestheim.de\/index.php?rest_route=%2Fwp%2Fv2%2Fmedia&parent=70"}],"curies":[{"name":"wp","href":"https:\/\/api.w.org\/{rel}","templated":true}]}}