{"id":72,"date":"2022-08-15T16:36:19","date_gmt":"2022-08-15T14:36:19","guid":{"rendered":"https:\/\/www.massagepraxis-kornwestheim.de\/?page_id=72"},"modified":"2022-08-15T16:36:19","modified_gmt":"2022-08-15T14:36:19","slug":"so-finden-sie-uns","status":"publish","type":"page","link":"https:\/\/www.massagepraxis-kornwestheim.de\/?page_id=72","title":{"rendered":"So finden Sie uns"},"content":{"rendered":"\n<p><strong>Massagepraxis Combe<\/strong><br>G\u00fcterbahnhofstra\u00dfe 31<br>70806 Kornwestheim<\/p>\n\n\n\n<p>Tel. 07154 \/ 80 62 570<br>Fax 07154 \/ 80 62 571<br><a target=\"_blank\" href=\"mailto:mail@massagepraxis-kornwestheim.de\" rel=\"noreferrer noopener\">mail@massagepraxis-kornwestheim.de<\/a><br><br><\/p>\n\n\n\n<h4 class=\"wp-block-heading\">Anfahrt mit \u00f6ffentlichen Verkehrsmitteln<\/h4>\n\n\n\n<p><br>In unserer N\u00e4he befindet sich der Bahnhof Kornwestheim mit S-Bahnanschluss, Nahverkehrsz\u00fcgen und mit Bussen. Von dort aus erreichen Sie unsere Praxis in wenigen Minuten zu Fuss. Sie finden uns direkt \u00fcber der Post, welche unterhalb vom Bahnhofsplatz liegt.<\/p>\n\n\n\n<p><\/p>\n","protected":false},"excerpt":{"rendered":"<p>Massagepraxis CombeG\u00fcterbahnhofstra\u00dfe 3170806 Kornwestheim Tel. 07154 \/ 80 62 570Fax 07154 \/ 80 62 571mail@massagepraxis-kornwestheim.de Anfahrt mit \u00f6ffentlichen Verkehrsmitteln In unserer N\u00e4he befindet sich der Bahnhof Kornwestheim mit S-Bahnanschluss, Nahverkehrsz\u00fcgen und mit Bussen. Von dort aus erreichen Sie unsere Praxis in wenigen Minuten zu Fuss. Sie finden uns direkt \u00fcber der Post, welche unterhalb vom &hellip; <a href=\"https:\/\/www.massagepraxis-kornwestheim.de\/?page_id=72\" class=\"more-link\"><span class=\"screen-reader-text\">So finden Sie uns<\/span> weiterlesen <span class=\"meta-nav\">&rarr;<\/span><\/a><\/p>\n","protected":false},"author":1,"featured_media":0,"parent":0,"menu_order":0,"comment_status":"closed","ping_status":"closed","template":"","meta":[],"_links":{"self":[{"href":"https:\/\/www.massagepraxis-kornwestheim.de\/index.php?rest_route=\/wp\/v2\/pages\/72"}],"collection":[{"href":"https:\/\/www.massagepraxis-kornwestheim.de\/index.php?rest_route=\/wp\/v2\/pages"}],"about":[{"href":"https:\/\/www.massagepraxis-kornwestheim.de\/index.php?rest_route=\/wp\/v2\/types\/page"}],"author":[{"embeddable":true,"href":"https:\/\/www.massagepraxis-kornwestheim.de\/index.php?rest_route=\/wp\/v2\/users\/1"}],"replies":[{"embeddable":true,"href":"https:\/\/www.massagepraxis-kornwestheim.de\/index.php?rest_route=%2Fwp%2Fv2%2Fcomments&post=72"}],"version-history":[{"count":1,"href":"https:\/\/www.massagepraxis-kornwestheim.de\/index.php?rest_route=\/wp\/v2\/pages\/72\/revisions"}],"predecessor-version":[{"id":73,"href":"https:\/\/www.massagepraxis-kornwestheim.de\/index.php?rest_route=\/wp\/v2\/pages\/72\/revisions\/73"}],"wp:attachment":[{"href":"https:\/\/www.massagepraxis-kornwestheim.de\/index.php?rest_route=%2Fwp%2Fv2%2Fmedia&parent=72"}],"curies":[{"name":"wp","href":"https:\/\/api.w.org\/{rel}","templated":true}]}}